{"id":5744,"date":"2015-04-27T19:42:32","date_gmt":"2015-04-27T18:42:32","guid":{"rendered":"https:\/\/apasionada.es\/blog\/?page_id=5744"},"modified":"2026-04-08T07:16:06","modified_gmt":"2026-04-08T07:16:06","slug":"bianca-resa","status":"publish","type":"page","link":"https:\/\/www.apasionada.es\/blog\/chicas-apasionada\/bianca-resa\/","title":{"rendered":"Bianca Resa"},"content":{"rendered":"<div class=\"et_pb_section_0 et_pb_section et_pb_fullwidth_section et_section_regular et_block_section\"><div class=\"et_pb_fullwidth_slider_0 et_pb_slider et_pb_module\"><div class=\"et_pb_slides\"><div class=\"et_pb_slide_0 et_pb_slide et_pb_media_alignment_center et_pb_bg_layout_dark et_pb_text_align_center\" data-slide-id=\"divi\/slide-0\"><div class=\"et_pb_container\"><div class=\"et_pb_slider_container_inner\"><div class=\"et_pb_slide_description\"><h2 class=\"et_pb_slide_title\">Bianca Resa<\/h2><\/div><\/div><\/div><\/div><\/div><\/div><\/div><div class=\"et_pb_section_1 et_pb_section et_section_regular et_block_section\"><div class=\"et_pb_row_0 et_pb_row et_block_row\"><div class=\"et_pb_column_0 et_pb_column et_pb_column_4_4 et-last-child et_block_column et_pb_css_mix_blend_mode_passthrough\"><div class=\"et_pb_text_0 et_pb_text et_pb_bg_layout_light et_pb_module et_block_module et_pb_text_align_center\"><div class=\"et_pb_text_inner\"><p><strong>\u201cCuando el interior es tan bello, no hace otra cosa que potenciar la belleza externa, creando una elegancia natural que todo lo puede.\u201d<\/strong><\/p>\n<p>&nbsp;<\/p>\n<\/div><\/div><\/div><\/div><\/div><div class=\"et_pb_section_2 et_pb_section et_section_regular et_block_section\"><div class=\"et_pb_row_1 et_pb_row et_block_row\"><div class=\"et_pb_column_1 et_pb_column et_pb_column_1_3 et_block_column et_pb_css_mix_blend_mode_passthrough\"><div class=\"et_pb_image_0 et_pb_image et_animated et_pb_module et_block_module\"><span class=\"et_pb_image_wrap\"><img decoding=\"async\" src=\"http:\/\/www.blog.apasionada.eu\/wp-content\/uploads\/2015\/04\/bianca-resa-paixxon002.jpg\" \/><\/span><\/div><\/div><div class=\"et_pb_column_2 et_pb_column et_pb_column_1_3 et_block_column et_pb_css_mix_blend_mode_passthrough\"><div class=\"et_pb_text_1 et_pb_text et_pb_bg_layout_light et_pb_module et_block_module et_pb_text_align_left\"><div class=\"et_pb_text_inner\"><p style=\"text-align: justify;\">La\u00a0encantadora Bianca Resa ha sabido posar con una elegancia fuera de lo com\u00fan, con una sonrisa de esas que enamoran, y una mirada penetrante. Con todo ello, se presenta como una de nuestras modelos m\u00e1s rom\u00e1nticos.<\/p>\n<p>&nbsp;<\/p>\n<\/div><\/div><div class=\"et_pb_image_1 et_pb_image et_animated et_pb_module et_block_module\"><span class=\"et_pb_image_wrap\"><img decoding=\"async\" src=\"http:\/\/www.blog.apasionada.eu\/wp-content\/uploads\/2015\/04\/bianca-resa-paixxon007.jpg\" \/><\/span><\/div><div class=\"et_pb_text_2 et_pb_text et_pb_bg_layout_light et_pb_module et_block_module et_pb_text_align_left\"><div class=\"et_pb_text_inner\"><p>[kklike_button]<\/p>\n<\/div><\/div><\/div><div class=\"et_pb_column_3 et_pb_column et_pb_column_1_3 et-last-child et_block_column et_pb_css_mix_blend_mode_passthrough\"><div class=\"et_pb_image_2 et_pb_image et_animated et_pb_module et_block_module\"><span class=\"et_pb_image_wrap\"><img decoding=\"async\" src=\"http:\/\/www.blog.apasionada.eu\/wp-content\/uploads\/2015\/04\/bianca-resa-paixxon003.jpg\" \/><\/span><\/div><\/div><\/div><\/div><div class=\"et_pb_section_3 et_pb_section et_section_regular et_block_section\"><div class=\"et_pb_row_2 et_pb_row et_block_row\"><div class=\"et_pb_column_4 et_pb_column et_pb_column_3_4 et_block_column et_pb_css_mix_blend_mode_passthrough\"><div class=\"et_pb_text_3 et_pb_text et_pb_bg_layout_light et_pb_module et_block_module et_pb_text_align_left\"><div class=\"et_pb_text_inner\"><h2>Noticias de\u00a0Bianca Resa\u00a0con Apasionada<\/h2>\n<\/div><\/div><div class=\"et_pb_blog_0 et_pb_blog et_pb_bg_layout_light et_pb_posts et_pb_module\"><div class=\"et_pb_ajax_pagination_container\"><div class=\"et_pb_posts et_block_module\"><article class=\"et_pb_post et_pb_post_id_11728 clearfix et_pb_blog_item_0_0 post-11728 post type-post status-publish format-standard has-post-thumbnail hentry category-uncategorized\"><a href=\"https:\/\/www.apasionada.es\/blog\/calendario-apasionada-2023\/\" class=\"entry-featured-image-url\"><img loading=\"lazy\" decoding=\"async\" src=\"https:\/\/www.apasionada.es\/blog\/wp-content\/uploads\/2022\/12\/00-blog.jpg\" width=\"1080\" height=\"675\" alt=\"Calendario Apasionada\u00ae 2023\" class=\"et_pb_post_main_image\" \/><span data-icon=\"\ue050\" class=\"et_overlay et_pb_inline_icon\"><\/span><\/a><h2 class=\"entry-title\"><a href=\"https:\/\/www.apasionada.es\/blog\/calendario-apasionada-2023\/\">Calendario Apasionada\u00ae 2023<\/a><\/h2><p class=\"post-meta\">por <span class=\"author vcard\"><a href=\"https:\/\/www.apasionada.es\/blog\/author\/\" title=\"Entradas de \" rel=\"author\"><\/a><\/span> | <span class=\"published\">Dic 30, 2022<\/span> | <span class=\"entry-categories\"><a href=\"https:\/\/www.apasionada.es\/blog\/category\/uncategorized\/\" rel=\"tag\">Uncategorized<\/a><\/span><\/p><div class=\"post-content\"><div class=\"post-content-inner\"><p>Volvemos con m\u00e1s fuerza que nunca 2023 empieza con toda la ilusi\u00f3n para conseguir un mundo m\u00e1s sexy. Llegan nuevos tiempos para nuestra marca que traer\u00e1n muchas novedades. Recuperamos el rojo y la elegancia de siempre Nuestro dise\u00f1ador Andy Lucas de Logocrea\u00ae ha&#8230;<\/p>\n<\/div><\/div><\/article><article class=\"et_pb_post et_pb_post_id_11716 clearfix et_pb_blog_item_0_1 post-11716 post type-post status-publish format-standard has-post-thumbnail hentry category-uncategorized\"><a href=\"https:\/\/www.apasionada.es\/blog\/apasionada-en-x-fira-comercial-de-paiporta-valencia\/\" class=\"entry-featured-image-url\"><img loading=\"lazy\" decoding=\"async\" src=\"https:\/\/www.apasionada.es\/blog\/wp-content\/uploads\/2022\/05\/fira-comercial-apasionada.jpg\" width=\"1080\" height=\"675\" alt=\"Apasionada\u00ae en la X Fira Comercial de Paiporta (Valencia)\" class=\"et_pb_post_main_image\" \/><span data-icon=\"\ue050\" class=\"et_overlay et_pb_inline_icon\"><\/span><\/a><h2 class=\"entry-title\"><a href=\"https:\/\/www.apasionada.es\/blog\/apasionada-en-x-fira-comercial-de-paiporta-valencia\/\">Apasionada\u00ae en la X Fira Comercial de Paiporta (Valencia)<\/a><\/h2><p class=\"post-meta\">por <span class=\"author vcard\"><a href=\"https:\/\/www.apasionada.es\/blog\/author\/\" title=\"Entradas de \" rel=\"author\"><\/a><\/span> | <span class=\"published\">May 30, 2022<\/span> | <span class=\"entry-categories\"><a href=\"https:\/\/www.apasionada.es\/blog\/category\/uncategorized\/\" rel=\"tag\">Uncategorized<\/a><\/span><\/p><div class=\"post-content\"><div class=\"post-content-inner\"><p>Modelo: Ana Bel\u00e9n Espejo, fotograf\u00eda y dise\u00f1o gr\u00e1fico Andy Lucas Logocrea\u00ae Confirmado: Estaremos en la Fira Comercial de Paiporta 2022 (Valencia) Tenemos el placer de anunciar que el pr\u00f3ximo S\u00e1bado 4 de Junio estaremos exponiendo en la d\u00e9cima Feria Comercial de&#8230;<\/p>\n<\/div><\/div><\/article><article class=\"et_pb_post et_pb_post_id_11688 clearfix et_pb_blog_item_0_2 post-11688 post type-post status-publish format-standard has-post-thumbnail hentry category-uncategorized\"><a href=\"https:\/\/www.apasionada.es\/blog\/calendario-apasionada-2022\/\" class=\"entry-featured-image-url\"><img loading=\"lazy\" decoding=\"async\" src=\"https:\/\/www.apasionada.es\/blog\/wp-content\/uploads\/2020\/12\/00-portada-peq.jpg\" width=\"1080\" height=\"675\" alt=\"Calendario Apasionada\u00ae 2022\" class=\"et_pb_post_main_image\" \/><span data-icon=\"\ue050\" class=\"et_overlay et_pb_inline_icon\"><\/span><\/a><h2 class=\"entry-title\"><a href=\"https:\/\/www.apasionada.es\/blog\/calendario-apasionada-2022\/\">Calendario Apasionada\u00ae 2022<\/a><\/h2><p class=\"post-meta\">por <span class=\"author vcard\"><a href=\"https:\/\/www.apasionada.es\/blog\/author\/\" title=\"Entradas de \" rel=\"author\"><\/a><\/span> | <span class=\"published\">Ene 11, 2022<\/span> | <span class=\"entry-categories\"><a href=\"https:\/\/www.apasionada.es\/blog\/category\/uncategorized\/\" rel=\"tag\">Uncategorized<\/a><\/span><\/p><div class=\"post-content\"><div class=\"post-content-inner\"><p>El calendario de la reina de corazones Llega 2022, un nuevo a\u00f1o que promete ser un nuevo comienzo en muchas cosas, entre ellas los festivales, que siguen en par\u00e9ntesis desde aquel Oporto 2020. En ese sentido, nuestro esfuerzo se ha centrado en un dise\u00f1o basado en la&#8230;<\/p>\n<\/div><\/div><\/article><article class=\"et_pb_post et_pb_post_id_11643 clearfix et_pb_blog_item_0_3 post-11643 post type-post status-publish format-standard has-post-thumbnail hentry category-uncategorized\"><a href=\"https:\/\/www.apasionada.es\/blog\/calendario-apasionada-2021\/\" class=\"entry-featured-image-url\"><img loading=\"lazy\" decoding=\"async\" src=\"https:\/\/www.apasionada.es\/blog\/wp-content\/uploads\/2020\/12\/portada-2021-blog-scaled.jpg\" width=\"1080\" height=\"669\" alt=\"Calendario Apasionada\u00ae 2021\" class=\"et_pb_post_main_image\" \/><span data-icon=\"\ue050\" class=\"et_overlay et_pb_inline_icon\"><\/span><\/a><h2 class=\"entry-title\"><a href=\"https:\/\/www.apasionada.es\/blog\/calendario-apasionada-2021\/\">Calendario Apasionada\u00ae 2021<\/a><\/h2><p class=\"post-meta\">por <span class=\"author vcard\"><a href=\"https:\/\/www.apasionada.es\/blog\/author\/\" title=\"Entradas de \" rel=\"author\"><\/a><\/span> | <span class=\"published\">Dic 28, 2020<\/span> | <span class=\"entry-categories\"><a href=\"https:\/\/www.apasionada.es\/blog\/category\/uncategorized\/\" rel=\"tag\">Uncategorized<\/a><\/span><\/p><div class=\"post-content\"><div class=\"post-content-inner\"><p>Un calendario muy especial: un homenaje a las modelos Que 2020 ha sido un a\u00f1o muy complejo y dif\u00edcil, ya lo sabemos de sobra. Y por este motivo, queremos dar un toque de optimismo de cara a este 2021 que se nos presenta lleno de retos por delante. En esta ocasi\u00f3n&#8230;<\/p>\n<\/div><\/div><\/article><article class=\"et_pb_post et_pb_post_id_11564 clearfix et_pb_blog_item_0_4 post-11564 post type-post status-publish format-standard has-post-thumbnail hentry category-uncategorized\"><a href=\"https:\/\/www.apasionada.es\/blog\/apasionada-expondra-en-eros-porto-2020\/\" class=\"entry-featured-image-url\"><img loading=\"lazy\" decoding=\"async\" src=\"https:\/\/www.apasionada.es\/blog\/wp-content\/uploads\/2020\/02\/baner-erosporto2020-of-scaled.jpg\" width=\"1080\" height=\"675\" alt=\"Apasionada expondr\u00e1 en Eros Porto 2020\" class=\"et_pb_post_main_image\" \/><span data-icon=\"\ue050\" class=\"et_overlay et_pb_inline_icon\"><\/span><\/a><h2 class=\"entry-title\"><a href=\"https:\/\/www.apasionada.es\/blog\/apasionada-expondra-en-eros-porto-2020\/\">Apasionada expondr\u00e1 en Eros Porto 2020<\/a><\/h2><p class=\"post-meta\">por <span class=\"author vcard\"><a href=\"https:\/\/www.apasionada.es\/blog\/author\/\" title=\"Entradas de \" rel=\"author\"><\/a><\/span> | <span class=\"published\">Feb 24, 2020<\/span> | <span class=\"entry-categories\"><a href=\"https:\/\/www.apasionada.es\/blog\/category\/uncategorized\/\" rel=\"tag\">Uncategorized<\/a><\/span><\/p><div class=\"post-content\"><div class=\"post-content-inner\"><p>Foto: Galard\u00f3n como mejor stand del Sal\u00f3n Er\u00f3tico de Barcelona 2018 Busca el stand de luces rojas \u00a1en Portugal! Tenemos el placer de confirmaros, que al igual que los \u00faltimos 4 a\u00f1os, Apasionada\u00ae volver\u00e1 a estar presente en Eros Porto, el sal\u00f3n er\u00f3tico m\u00e1s importante&#8230;<\/p>\n<\/div><\/div><\/article><article class=\"et_pb_post et_pb_post_id_11526 clearfix et_pb_blog_item_0_5 post-11526 post type-post status-publish format-standard has-post-thumbnail hentry category-uncategorized\"><a href=\"https:\/\/www.apasionada.es\/blog\/calendario-apasionada-2020\/\" class=\"entry-featured-image-url\"><img loading=\"lazy\" decoding=\"async\" src=\"https:\/\/www.apasionada.es\/blog\/wp-content\/uploads\/2019\/12\/portada-blog-scaled.jpg\" width=\"1080\" height=\"675\" alt=\"Calendario Apasionada\u00ae 2020\" class=\"et_pb_post_main_image\" \/><span data-icon=\"\ue050\" class=\"et_overlay et_pb_inline_icon\"><\/span><\/a><h2 class=\"entry-title\"><a href=\"https:\/\/www.apasionada.es\/blog\/calendario-apasionada-2020\/\">Calendario Apasionada\u00ae 2020<\/a><\/h2><p class=\"post-meta\">por <span class=\"author vcard\"><a href=\"https:\/\/www.apasionada.es\/blog\/author\/\" title=\"Entradas de \" rel=\"author\"><\/a><\/span> | <span class=\"published\">Dic 31, 2019<\/span> | <span class=\"entry-categories\"><a href=\"https:\/\/www.apasionada.es\/blog\/category\/uncategorized\/\" rel=\"tag\">Uncategorized<\/a><\/span><\/p><div class=\"post-content\"><div class=\"post-content-inner\"><p>Llega uno de los calendarios m\u00e1s esperados Si de algo destaca el Calendario Apasionada es en la elegancia y en protagonismo absoluto de nuestras modelos. Ya es un acontecimiento anual la llegada de un calendario cargado de glamour. Lo bueno se hace esperar. Hoy,&#8230;<\/p>\n<\/div><\/div><\/article><article class=\"et_pb_post et_pb_post_id_11514 clearfix et_pb_blog_item_0_6 post-11514 post type-post status-publish format-standard has-post-thumbnail hentry category-uncategorized\"><a href=\"https:\/\/www.apasionada.es\/blog\/nuestro-mensaje-navideno-la-magia-de-regalar\/\" class=\"entry-featured-image-url\"><img loading=\"lazy\" decoding=\"async\" src=\"https:\/\/www.apasionada.es\/blog\/wp-content\/uploads\/2019\/12\/navidad-baner-ana.jpg\" width=\"1080\" height=\"675\" alt=\"Nuestro mensaje navide\u00f1o: La magia de regalar\" class=\"et_pb_post_main_image\" \/><span data-icon=\"\ue050\" class=\"et_overlay et_pb_inline_icon\"><\/span><\/a><h2 class=\"entry-title\"><a href=\"https:\/\/www.apasionada.es\/blog\/nuestro-mensaje-navideno-la-magia-de-regalar\/\">Nuestro mensaje navide\u00f1o: La magia de regalar<\/a><\/h2><p class=\"post-meta\">por <span class=\"author vcard\"><a href=\"https:\/\/www.apasionada.es\/blog\/author\/\" title=\"Entradas de \" rel=\"author\"><\/a><\/span> | <span class=\"published\">Dic 24, 2019<\/span> | <span class=\"entry-categories\"><a href=\"https:\/\/www.apasionada.es\/blog\/category\/uncategorized\/\" rel=\"tag\">Uncategorized<\/a><\/span><\/p><div class=\"post-content\"><div class=\"post-content-inner\"><p>Un regalo siempre es magia En Apasionada lo sabemos, y para estas Navidades y nuevo a\u00f1o 2020 queremos destacar la ilusi\u00f3n que produce un regalo en nuestras manos. Para ello nos hemos ido a la bonita comarca valencia de Utiel-Requena, y en uno de sus rec\u00f3ndidos&#8230;<\/p>\n<\/div><\/div><\/article><article class=\"et_pb_post et_pb_post_id_11370 clearfix et_pb_blog_item_0_7 post-11370 post type-post status-publish format-standard has-post-thumbnail hentry category-uncategorized\"><a href=\"https:\/\/www.apasionada.es\/blog\/apasionada-en-el-salon-erotico-de-barcelona-2019\/\" class=\"entry-featured-image-url\"><img loading=\"lazy\" decoding=\"async\" src=\"https:\/\/www.apasionada.es\/blog\/wp-content\/uploads\/2019\/10\/apasionada-seb2019-006.jpg\" width=\"1080\" height=\"675\" alt=\"Apasionada\u00ae en el Sal\u00f3n Er\u00f3tico de Barcelona 2019\" class=\"et_pb_post_main_image\" \/><span data-icon=\"\ue050\" class=\"et_overlay et_pb_inline_icon\"><\/span><\/a><h2 class=\"entry-title\"><a href=\"https:\/\/www.apasionada.es\/blog\/apasionada-en-el-salon-erotico-de-barcelona-2019\/\">Apasionada\u00ae en el Sal\u00f3n Er\u00f3tico de Barcelona 2019<\/a><\/h2><p class=\"post-meta\">por <span class=\"author vcard\"><a href=\"https:\/\/www.apasionada.es\/blog\/author\/\" title=\"Entradas de \" rel=\"author\"><\/a><\/span> | <span class=\"published\">Oct 15, 2019<\/span> | <span class=\"entry-categories\"><a href=\"https:\/\/www.apasionada.es\/blog\/category\/uncategorized\/\" rel=\"tag\">Uncategorized<\/a><\/span><\/p><div class=\"post-content\"><div class=\"post-content-inner\"><p>Un nuevo Sal\u00f3n Er\u00f3tico de Barcelona, un cambio a mejor El pasado 3 de Octubre de 2019 abri\u00f3 las puertas una nueva edici\u00f3n del Sal\u00f3n Er\u00f3tico de Barcelona, con una nueva filosof\u00eda, y all\u00ed, como desde hace 7 a\u00f1os de forma ininterrumpida, estuvimos el equipo de&#8230;<\/p>\n<\/div><\/div><\/article><article class=\"et_pb_post et_pb_post_id_11358 clearfix et_pb_blog_item_0_8 post-11358 post type-post status-publish format-standard has-post-thumbnail hentry category-uncategorized\"><a href=\"https:\/\/www.apasionada.es\/blog\/confirmado-estaremos-en-el-salon-erotico-de-barcelona-2019\/\" class=\"entry-featured-image-url\"><img loading=\"lazy\" decoding=\"async\" src=\"https:\/\/www.apasionada.es\/blog\/wp-content\/uploads\/2019\/09\/SEB2019-BANER.jpg\" width=\"1080\" height=\"675\" alt=\"Confirmado, estaremos en el Sal\u00f3n Er\u00f3tico de Barcelona 2019\" class=\"et_pb_post_main_image\" \/><span data-icon=\"\ue050\" class=\"et_overlay et_pb_inline_icon\"><\/span><\/a><h2 class=\"entry-title\"><a href=\"https:\/\/www.apasionada.es\/blog\/confirmado-estaremos-en-el-salon-erotico-de-barcelona-2019\/\">Confirmado, estaremos en el Sal\u00f3n Er\u00f3tico de Barcelona 2019<\/a><\/h2><p class=\"post-meta\">por <span class=\"author vcard\"><a href=\"https:\/\/www.apasionada.es\/blog\/author\/\" title=\"Entradas de \" rel=\"author\"><\/a><\/span> | <span class=\"published\">Sep 23, 2019<\/span> | <span class=\"entry-categories\"><a href=\"https:\/\/www.apasionada.es\/blog\/category\/uncategorized\/\" rel=\"tag\">Uncategorized<\/a><\/span><\/p><div class=\"post-content\"><div class=\"post-content-inner\"><p>El mejor stand de SEB 2018 volver\u00e1 a exponer este a\u00f1o Es oficial, volvemos a exponer en el mejor sal\u00f3n er\u00f3tico de Espa\u00f1a y uno de los mejores de Europa. Este a\u00f1o, si cabe, con m\u00e1s ilusi\u00f3n, despu\u00e9s de ser agraciados con el Premio al mejor Stand del Boulevard Er\u00f3tico en&#8230;<\/p>\n<\/div><\/div><\/article><article class=\"et_pb_post et_pb_post_id_11348 clearfix et_pb_blog_item_0_9 post-11348 post type-post status-publish format-standard has-post-thumbnail hentry category-uncategorized\"><a href=\"https:\/\/www.apasionada.es\/blog\/hemos-alcanzado-los-30-000-likes-en-facebook\/\" class=\"entry-featured-image-url\"><img loading=\"lazy\" decoding=\"async\" src=\"https:\/\/www.apasionada.es\/blog\/wp-content\/uploads\/2019\/05\/baner-30000-2.jpg\" width=\"1080\" height=\"675\" alt=\"Hemos alcanzado los 30.000 likes en Facebook\" class=\"et_pb_post_main_image\" \/><span data-icon=\"\ue050\" class=\"et_overlay et_pb_inline_icon\"><\/span><\/a><h2 class=\"entry-title\"><a href=\"https:\/\/www.apasionada.es\/blog\/hemos-alcanzado-los-30-000-likes-en-facebook\/\">Hemos alcanzado los 30.000 likes en Facebook<\/a><\/h2><p class=\"post-meta\">por <span class=\"author vcard\"><a href=\"https:\/\/www.apasionada.es\/blog\/author\/\" title=\"Entradas de \" rel=\"author\"><\/a><\/span> | <span class=\"published\">May 13, 2019<\/span> | <span class=\"entry-categories\"><a href=\"https:\/\/www.apasionada.es\/blog\/category\/uncategorized\/\" rel=\"tag\">Uncategorized<\/a><\/span><\/p><div class=\"post-content\"><div class=\"post-content-inner\"><p>30K, Una cifra m\u00e1gica Estamos de celebraci\u00f3n. En este mes de Mayo de 2019 hemos alcanzado la m\u00edtica cifra de 30.000 likes (me gustas) en nuestra p\u00e1gina de facebook. Una historia que empez\u00f3 en 2011 vendiendo corsets online y ahora nuestra marca es referente en moda&#8230;<\/p>\n<\/div><\/div><\/article><\/div><div class=\"pagination clearfix\">\n\t<div class=\"alignleft\"><a href=\"https:\/\/www.apasionada.es\/blog\/wp-json\/wp\/v2\/pages\/5744\/page\/2\/?et_blog\" >&laquo; Entradas Anteriores<\/a><\/div>\n\t<div class=\"alignright\"><\/div>\n<\/div><\/div><\/div><\/div><div class=\"et_pb_column_5 et_pb_column et_pb_column_1_4 et-last-child et_block_column et_pb_css_mix_blend_mode_passthrough\"><div class=\"et_pb_sidebar_0 et_pb_widget_area clearfix et_pb_widget_area_left et_pb_bg_layout_light et_pb_module et_block_module\"><div id=\"block-2\" class=\"et_pb_widget widget_block widget_search\"><form role=\"search\" method=\"get\" action=\"https:\/\/www.apasionada.es\/blog\/\" class=\"wp-block-search__button-outside wp-block-search__text-button wp-block-search\" ><label class=\"wp-block-search__label\" for=\"wp-block-search__input-1\" >Buscar<\/label><div class=\"wp-block-search__inside-wrapper\" ><input class=\"wp-block-search__input\" id=\"wp-block-search__input-1\" placeholder=\"\" value=\"\" type=\"search\" name=\"s\" required \/><button aria-label=\"Buscar\" class=\"wp-block-search__button wp-element-button\" type=\"submit\" >Buscar<\/button><\/div><\/form><\/div><div id=\"block-3\" class=\"et_pb_widget widget_block\"><div class=\"wp-block-group is-layout-flow wp-block-group-is-layout-flow\"><h2 class=\"wp-block-heading\">Recent Posts<\/h2><ul class=\"wp-block-latest-posts__list wp-block-latest-posts\"><li><a class=\"wp-block-latest-posts__post-title\" href=\"https:\/\/www.apasionada.es\/blog\/calendario-apasionada-2023\/\">Calendario Apasionada\u00ae 2023<\/a><\/li>\n<li><a class=\"wp-block-latest-posts__post-title\" href=\"https:\/\/www.apasionada.es\/blog\/apasionada-en-x-fira-comercial-de-paiporta-valencia\/\">Apasionada\u00ae en la X Fira Comercial de Paiporta (Valencia)<\/a><\/li>\n<li><a class=\"wp-block-latest-posts__post-title\" href=\"https:\/\/www.apasionada.es\/blog\/calendario-apasionada-2022\/\">Calendario Apasionada\u00ae 2022<\/a><\/li>\n<li><a class=\"wp-block-latest-posts__post-title\" href=\"https:\/\/www.apasionada.es\/blog\/calendario-apasionada-2021\/\">Calendario Apasionada\u00ae 2021<\/a><\/li>\n<li><a class=\"wp-block-latest-posts__post-title\" href=\"https:\/\/www.apasionada.es\/blog\/apasionada-expondra-en-eros-porto-2020\/\">Apasionada expondr\u00e1 en Eros Porto 2020<\/a><\/li>\n<\/ul><\/div><\/div><div id=\"block-4\" class=\"et_pb_widget widget_block\"><div class=\"wp-block-group is-layout-flow wp-block-group-is-layout-flow\"><h2 class=\"wp-block-heading\">Recent Comments<\/h2><div class=\"no-comments wp-block-latest-comments\">No hay comentarios que mostrar.<\/div><\/div><\/div><\/div><\/div><\/div><\/div>","protected":false},"excerpt":{"rendered":"","protected":false},"author":1,"featured_media":0,"parent":3088,"menu_order":0,"comment_status":"open","ping_status":"open","template":"","meta":{"footnotes":""},"class_list":["post-5744","page","type-page","status-publish","hentry"],"_links":{"self":[{"href":"https:\/\/www.apasionada.es\/blog\/wp-json\/wp\/v2\/pages\/5744","targetHints":{"allow":["GET"]}}],"collection":[{"href":"https:\/\/www.apasionada.es\/blog\/wp-json\/wp\/v2\/pages"}],"about":[{"href":"https:\/\/www.apasionada.es\/blog\/wp-json\/wp\/v2\/types\/page"}],"author":[{"embeddable":true,"href":"https:\/\/www.apasionada.es\/blog\/wp-json\/wp\/v2\/users\/1"}],"replies":[{"embeddable":true,"href":"https:\/\/www.apasionada.es\/blog\/wp-json\/wp\/v2\/comments?post=5744"}],"version-history":[{"count":4,"href":"https:\/\/www.apasionada.es\/blog\/wp-json\/wp\/v2\/pages\/5744\/revisions"}],"predecessor-version":[{"id":11873,"href":"https:\/\/www.apasionada.es\/blog\/wp-json\/wp\/v2\/pages\/5744\/revisions\/11873"}],"up":[{"embeddable":true,"href":"https:\/\/www.apasionada.es\/blog\/wp-json\/wp\/v2\/pages\/3088"}],"wp:attachment":[{"href":"https:\/\/www.apasionada.es\/blog\/wp-json\/wp\/v2\/media?parent=5744"}],"curies":[{"name":"wp","href":"https:\/\/api.w.org\/{rel}","templated":true}]}}